{"id":163,"date":"2019-03-19T12:39:03","date_gmt":"2019-03-19T12:39:03","guid":{"rendered":"http:\/\/fototage.pirmasens.org\/?page_id=163"},"modified":"2025-08-13T10:47:39","modified_gmt":"2025-08-13T10:47:39","slug":"workshops","status":"publish","type":"page","link":"http:\/\/fototage.pirmasens.org\/?page_id=163","title":{"rendered":"Workshops"},"content":{"rendered":"\n<p class=\"has-medium-font-size\">Unter fachlicher Anleitung tiefer in die Materie eintauchen: Im Rahmen der FOTOTAGEkompakt k\u00f6nnen Hobbyfotografen unter vier verschiedenen Workshops das f\u00fcr sie passende Thema ausw\u00e4hlen.<\/p>\n\n\n\n<p class=\"has-medium-font-size\">Anmeldungen sind m\u00f6glich im Forum ALTE POST, Poststra\u00dfe 2, Pirmasens, telefonisch unter 06331 2392716 oder per Mail an <a href=\"mailto:kartenverkauf@pirmasens.de\">kartenverkauf@pirmasens.de<\/a> sowie via <a href=\"http:\/\/www.ticket-regional.de\">www.ticket-regional.de<\/a>.<\/p>\n\n\n\n<div style=\"height:50px\" aria-hidden=\"true\" class=\"wp-block-spacer\"><\/div>\n\n\n\n<p class=\"has-text-align-center has-white-color has-text-color has-background has-link-color wp-elements-bf83bec3839519988b24508aba8569c8\" style=\"background-color:#2397a6;font-size:30px\"><strong>SAMSTAG, 22. NOVEMBER 2025<\/strong><\/p>\n\n\n\n<p class=\"has-white-color has-text-color has-background has-medium-font-size\" style=\"background-color:#2397a6\">10.00 &#8211; 13.00 Uhr: <br><strong>\u201eWie erstelle ich eine virtuelle 360\u00b0-Tour?\u201c<\/strong> &#8211; Dozent: Andr\u00e9 Straub<\/p>\n\n\n\n<p>Ort: Forum ALTE POST, Workshopraum<br>Teilnehmerzahl: min. 4 \/ max. 8<\/p>\n\n\n\n<figure class=\"wp-block-image size-full is-resized\"><img loading=\"lazy\" decoding=\"async\" width=\"639\" height=\"346\" src=\"http:\/\/fototage.pirmasens.org\/wp-content\/uploads\/2025\/06\/Workshop-Straub.jpg\" alt=\"\" class=\"wp-image-1435\" style=\"width:639px;height:346px\" srcset=\"http:\/\/fototage.pirmasens.org\/wp-content\/uploads\/2025\/06\/Workshop-Straub.jpg 639w, http:\/\/fototage.pirmasens.org\/wp-content\/uploads\/2025\/06\/Workshop-Straub-300x162.jpg 300w, http:\/\/fototage.pirmasens.org\/wp-content\/uploads\/2025\/06\/Workshop-Straub-355x192.jpg 355w\" sizes=\"auto, (max-width: 639px) 100vw, 639px\" \/><figcaption class=\"wp-element-caption\">\u00a9 Andr\u00e9 Straub<\/figcaption><\/figure>\n\n\n\n<p><strong>Inhalt:<\/strong><br>Zuerst wird erkl\u00e4rt, was eine 360\u00b0-Tour ist und was man fotografisch damit machen kann. Die Teilnehmer erfahren, welches fotografische Equipment notwendig ist und wie sie die sph\u00e4rischen Panoramafotografien erstellen, die die Basis eine 360\u00b0-Tour bilden. Im Anschluss folgt eine Anleitung, wie man die 360\u00b0-Tour zusammensetzt und mit weiteren Informationen anreichert, um damit ein visuelles Erlebnis zu erreichen.<\/p>\n\n\n\n<p>Der Workshop ist f\u00fcr Anf\u00e4nger und Fortgeschrittene geeignet. <\/p>\n\n\n\n<p><strong>Preis: <\/strong>79 Euro<\/p>\n\n\n\n<p><a href=\"https:\/\/www.ticket-regional.de\/stage_1006.php?timeID=1063349\" target=\"_blank\" rel=\"noreferrer noopener\">-&gt; zur Buchung \u00fcber ticket-regional<\/a><\/p>\n\n\n\n<div style=\"height:25px\" aria-hidden=\"true\" class=\"wp-block-spacer\"><\/div>\n\n\n\n<p class=\"has-white-color has-text-color has-background has-medium-font-size\" style=\"background-color:#2397a6\">13.30 &#8211; 17.30 Uhr: <br><strong>\u201eWeitwinkel vs. Tele \u2013 Brennweiten bewusst einsetzen\u201c<\/strong> &#8211; Dozent: Daniel Spohn<\/p>\n\n\n\n<p>Ort: Forum ALTE POST, Workshopraum<br>Teilnehmerzahl: min.&nbsp; 5 \/ max. 12<\/p>\n\n\n\n<figure class=\"wp-block-image size-full\"><img loading=\"lazy\" decoding=\"async\" width=\"639\" height=\"426\" src=\"http:\/\/fototage.pirmasens.org\/wp-content\/uploads\/2025\/06\/Workshop-Spohn.jpg\" alt=\"\" class=\"wp-image-1434\" srcset=\"http:\/\/fototage.pirmasens.org\/wp-content\/uploads\/2025\/06\/Workshop-Spohn.jpg 639w, http:\/\/fototage.pirmasens.org\/wp-content\/uploads\/2025\/06\/Workshop-Spohn-300x200.jpg 300w, http:\/\/fototage.pirmasens.org\/wp-content\/uploads\/2025\/06\/Workshop-Spohn-288x192.jpg 288w\" sizes=\"auto, (max-width: 639px) 100vw, 639px\" \/><figcaption class=\"wp-element-caption\">\u00a9 Daniel Spohn<\/figcaption><\/figure>\n\n\n\n<p><strong>Inhalt:<\/strong><br>Der Drang, m\u00f6glichst alle Brennweiten \u2013 vom Ultraweitwinkel bis zum Superteleobjektiv \u2013 in der Fotoausr\u00fcstung zu haben, steckt wohl in allen. Doch wann nutzt man was und ist das auch immer sinnvoll f\u00fcr die Bildaussage, Bildwirkung und Bildgestaltung?<\/p>\n\n\n\n<p>Meist kommt das Tele doch nur zum Einsatz, wenn man nicht n\u00e4her an das Motiv herankommt, und das Weitwinkel, wenn man irgendwie gerade alles vor sich sch\u00f6n findet und vermeintlich m\u00f6glichst viel aufs Bild muss. Dazu gesellt sich dann gerne noch der sch\u00f6ne, aber meist unsinnige Satz: \u201eDer beste Zoom sind deine F\u00fc\u00dfe.\u201c Ja, durch die Wahl des Standpunktes und der Perspektive kann man viel \u201eretten\u201c, aber wann nutzt man denn dabei zielf\u00fchrend f\u00fcr die Bildaussage und gew\u00fcnschte Bildwirkung welche Brennweite?<\/p>\n\n\n\n<p>Der Wunsch ist, in unterschiedlichsten Situationen und Motivwelten eine einzigartige Bildwirkung zu erzielen, die die Motive spannender in Szene setzt. Dann muss man Brennweiten verstehen lernen. Die Wahl der Brennweite vor dem Dr\u00fccken des Ausl\u00f6sers l\u00e4sst sich nachtr\u00e4glich nicht korrigieren. Croppen ersetzt keine Brennweiteneffekte.<\/p>\n\n\n\n<p>Mit dem Motiv arbeiten, die Essenz der Situation zu extrahieren und in ein gelungenes Bild zu packen, braucht Zeit und die Bereitschaft, sich schrittweise dem perfekten Bild zu n\u00e4hern. Welche Herangehensweisen sich dabei bew\u00e4hrt haben, welche neuen M\u00f6glichkeiten sich er\u00f6ffnen, wie man beim Suchen nach der perfekten Komposition zielf\u00fchrend vorgehen kann und vieles mehr rund um die Chancen und H\u00fcrden der bewussten Brennweitenwahl ist Teil dieses Workshops.<\/p>\n\n\n\n<p>Auf folgende Themen und Zusammenh\u00e4nge geht Natur- und Reisefotograf Daniel Spohn in diesem Workshop (powered by SIGMA) &nbsp;in Theorie, Praxis und der abschlie\u00dfenden Bildbesprechung ein:<\/p>\n\n\n\n<ul class=\"wp-block-list\">\n<li>Wie nutze ich den Vordergrund zur Blickf\u00fchrung?<\/li>\n\n\n\n<li>Wie finde ich den perfekten Standpunkt?<\/li>\n\n\n\n<li>Wie schaffe ich einen sauberen Bildabschluss?<\/li>\n\n\n\n<li>mit Bildern Geschichten erz\u00e4hlen: Hauptmotiv und Kontext<\/li>\n\n\n\n<li>ausbalancierte, harmonische Bildwirkung<\/li>\n\n\n\n<li>Wann ist weit zu weit? Verlorener Hintergrund und \u00fcberdimensionierter Vordergrund<\/li>\n\n\n\n<li>gekonnte Umsetzung extremer Perspektiven<\/li>\n\n\n\n<li>Hilfsmittel f\u00fcr den Bildaufbau<\/li>\n\n\n\n<li>Fokus, Sch\u00e4rfentiefe und Beugungsunsch\u00e4rfe bei der Nutzung verschiedener Brennweiten und unterschiedlicher Sensorgr\u00f6\u00dfen<\/li>\n\n\n\n<li>Blendensterne: Einstellungssache und vorteilhafte Objektivkonstruktionen<\/li>\n\n\n\n<li>technische und gestalterische Probleme bei der Filternutzung an Weitwinkelobjektiven<\/li>\n\n\n\n<li>warum die Entschleunigung durch Filter- und Stativeinsatz etwas Gutes ist und wie man trotzdem flexibel bleibt<\/li>\n\n\n\n<li>Fluchtpunkt und Tiefenwirkung<\/li>\n\n\n\n<li>st\u00fcrzende Linien nutzen und M\u00f6glichkeiten, sie zu korrigieren<\/li>\n\n\n\n<li>Handhabung von Teleobjektiven: Freihand oder Stativ, Kugelkopf oder Teleneiger?<\/li>\n\n\n\n<li>Tele-Makro, Tele-Portraits und Landschaftsmotive mit dem Teleobjektiv<\/li>\n\n\n\n<li>engen Bildwinkel von Teleobjektiven als Chance begreifen und (aus)nutzen<\/li>\n\n\n\n<li>harmonisches Zusammenspiel von Vordergrund, Motiv und Hintergrund<\/li>\n\n\n\n<li>Arbeitsabstand und Naheinstellgrenze<\/li>\n\n\n\n<li>durch die Hecke: gekonnte Umsetzung ungew\u00f6hnlicher Perspektiven<\/li>\n\n\n\n<li>Bei welchen Motiven ergibt Lichtst\u00e4rke wirklich Sinn?<\/li>\n\n\n\n<li>Filtereinsatz bei Teleobjektiven<\/li>\n\n\n\n<li>\u00a0\u201eMitzieher\u201c und Bewegungsunsch\u00e4rfe<\/li>\n\n\n\n<li>Schritt-f\u00fcr-Schritt-Anleitung zur gelungenen Bildkomposition<\/li>\n<\/ul>\n\n\n\n<p>Die Teilnehmer erfahren, wie das alles geht und welche einzigartigen Chancen ihnen die bewusste Entscheidung f\u00fcr eine bestimmte Brennweite er\u00f6ffnet. <\/p>\n\n\n\n<p><strong>Preis: <\/strong>119 Euro<\/p>\n\n\n\n<p><a href=\"https:\/\/www.ticket-regional.de\/stage_1006.php?timeID=1063351\" data-type=\"URL\" data-id=\"https:\/\/www.ticket-regional.de\/stage_1006.php?timeID=1063351\" target=\"_blank\" rel=\"noreferrer noopener\">-&gt; zur Buchung \u00fcber ticket-regional<\/a><\/p>\n\n\n\n<div style=\"height:40px\" aria-hidden=\"true\" class=\"wp-block-spacer\"><\/div>\n\n\n\n<p class=\"has-text-align-center has-white-color has-text-color has-background has-link-color wp-elements-7b5c98e31f90f60f34b8aa9f9c9e2695\" style=\"background-color:#106584;font-size:30px\"><strong>SONNTAG, 23. NOVEMBER 2025<\/strong><\/p>\n\n\n\n<p class=\"has-white-color has-text-color has-background has-medium-font-size\" style=\"background-color:#106584\">9.30 &#8211; 13.30 Uhr: <br><strong>\u201eFaszination Natur in Schwarz-Wei\u00df \u2013 Die Konzentration auf das Wesentliche\u201c<\/strong> &#8211; Dozentin: Anouchka Olszewski<\/p>\n\n\n\n<p>Ort: Forum ALTE POST, Workshopraum \/ Strecktalpark<br>Teilnehmerzahl: min.&nbsp; 4 \/ max. 12<\/p>\n\n\n\n<figure class=\"wp-block-image size-full\"><img loading=\"lazy\" decoding=\"async\" width=\"640\" height=\"424\" src=\"http:\/\/fototage.pirmasens.org\/wp-content\/uploads\/2025\/06\/Workshop-Olszewski.jpg\" alt=\"\" class=\"wp-image-1433\" srcset=\"http:\/\/fototage.pirmasens.org\/wp-content\/uploads\/2025\/06\/Workshop-Olszewski.jpg 640w, http:\/\/fototage.pirmasens.org\/wp-content\/uploads\/2025\/06\/Workshop-Olszewski-300x199.jpg 300w, http:\/\/fototage.pirmasens.org\/wp-content\/uploads\/2025\/06\/Workshop-Olszewski-290x192.jpg 290w\" sizes=\"auto, (max-width: 640px) 100vw, 640px\" \/><figcaption class=\"wp-element-caption\">\u00a9 Anouchka Olszewski<\/figcaption><\/figure>\n\n\n\n<p><strong>Inhalt:<\/strong><br>In diesem Workshop entdecken die Teilnehmer die besondere Atmosph\u00e4re des Strecktalparks. Dabei konzentrieren sie sich auf die Natur und legen den Fokus auf Kontraste, Texturen und Lichtstimmungen, um die Sch\u00f6nheit und Urt\u00fcmlichkeit dieser Natur in beeindruckenden Schwarz-Wei\u00df-Bildern festzuhalten.<\/p>\n\n\n\n<p>Zun\u00e4chst erfolgt eine theoretische Einf\u00fchrung in die Grundlagen der Schwarz-Wei\u00df-Fotografie: vom Verst\u00e4ndnis des Schwarz-Wei\u00df-Sehens \u00fcber das Finden spannungsgeladener Motive bis hin zu Einstellungen an der Kamera f\u00fcr die Wahrnehmung in Schwarz-Wei\u00df und die Nachbearbeitung.<\/p>\n\n\n\n<p>Im anschlie\u00dfenden Praxisteil erkunden die Teilnehmer anhand verschiedener Aufgaben spannende Motive des vielseitigen Landschaftsparks mit der Kamera \u2013 von der Weite der Wiesen \u00fcber kontrastreiche Strukturen bis hin zu stillen Wasserfl\u00e4chen und der besonderen Atmosph\u00e4re vor Ort. Sie erfahren, wie sie ihre Bilder gezielt gestalten und vertiefen durch den richtigen Einsatz von Licht und Schatten ihre F\u00e4higkeiten. Dabei tauschen sie sich mit der Workshopleiterin und anderen Teilnehmern aus, denn das gemeinsame Erleben der Schwarz-Wei\u00df-Fotografie steht im Fokus.<\/p>\n\n\n\n<p>Zum Abschluss besprechen alle gemeinsam eine Auswahl der Bilder und gehen auf die Bildwirkung ein. Die Teilnehmer erhalten Tipps f\u00fcr die Nachbearbeitung, damit ihre Fotos noch st\u00e4rker wirken.<\/p>\n\n\n\n<p>Sowohl Anf\u00e4ngern wie Fortgeschrittenen bietet dieser Workshop die M\u00f6glichkeit, die Kraft der Schwarz-Wei\u00df-Fotografie zu erleben und kreative Impulse zu sammeln.<\/p>\n\n\n\n<p><strong>Verbesserung der Fotoskills:<\/strong><\/p>\n\n\n\n<ul class=\"wp-block-list\">\n<li>Bildgestaltung und Komposition: Die Teilnehmer lernen, wie sie spannende und ausgewogene Schwarz-Wei\u00df-Bilder schaffen<\/li>\n\n\n\n<li>Umgang mit Licht und Schatten: Die Teilnehmer arbeiten mit Lichtstimmungen, um Dramatik und Atmosph\u00e4re zu verst\u00e4rken<\/li>\n\n\n\n<li>Kontrast- und Texturgestaltung: Die Teilnehmer erfahren, wie sie durch gezielten Einsatz von Kontrasten und Texturen beeindruckende Bilder erzeugen.<\/li>\n\n\n\n<li>Kameraeinstellungen: Die Teilnehmer erhalten Tipps, um die richtigen Einstellungen f\u00fcr unterschiedliche Motive und Lichtverh\u00e4ltnisse zu w\u00e4hlen.<\/li>\n\n\n\n<li>Bildnachbearbeitung: Die Teilnehmer erfahren Bearbeitungstechniken, um den Charakter der Bilder zu verst\u00e4rken und den Charme des Parks hervorzuheben.<\/li>\n<\/ul>\n\n\n\n<p><strong>Empfohlene Ausr\u00fcstung:<\/strong><br>Kamera (digital oder analog), geladene Akkus, leere Speicherkarte, eine Unterlage zum Fotografieren im Liegen oder Sitzen sowie dem Wetter angepasste Kleidung und Schuhe<\/p>\n\n\n\n<p><strong>Ablauf des Workshops:<\/strong><br>Treff und Einf\u00fchrung in das Thema im Kulturzentrum Forum ALTE POST \u2013 Praxisteil im Strecktalpark <\/p>\n\n\n\n<p><strong>Preis: <\/strong>129 Euro<\/p>\n\n\n\n<p><a href=\"https:\/\/www.ticket-regional.de\/stage_1006.php?timeID=1063353\" data-type=\"URL\" data-id=\"https:\/\/www.ticket-regional.de\/stage_1006.php?timeID=1063353\" target=\"_blank\" rel=\"noreferrer noopener\">-&gt; zur Buchung \u00fcber ticket-regional<\/a><\/p>\n\n\n\n<div style=\"height:25px\" aria-hidden=\"true\" class=\"wp-block-spacer\"><\/div>\n\n\n\n<p class=\"has-white-color has-text-color has-background has-medium-font-size\" style=\"background-color:#106584\">14.00 &#8211; 18.00 Uhr: <br><strong>\u201eSo wirst du zum visuellen Storyteller vor der eigenen Haust\u00fcr\u201d \u2013 Praxis-Workshop Reportagefotografie<\/strong> &#8211; Dozent: Thomas B. Jones<\/p>\n\n\n\n<p>Ort: Forum ALTE POST, Workshopraum<br>Teilnehmerzahl: min. 3 \/ max. 6<\/p>\n\n\n\n<figure class=\"wp-block-image size-medium\"><img loading=\"lazy\" decoding=\"async\" width=\"199\" height=\"300\" src=\"https:\/\/fototage.pirmasens.org\/wp-content\/uploads\/2025\/06\/Workshop-Jones-199x300.jpg\" alt=\"\" class=\"wp-image-1436\" srcset=\"http:\/\/fototage.pirmasens.org\/wp-content\/uploads\/2025\/06\/Workshop-Jones-199x300.jpg 199w, http:\/\/fototage.pirmasens.org\/wp-content\/uploads\/2025\/06\/Workshop-Jones-128x192.jpg 128w, http:\/\/fototage.pirmasens.org\/wp-content\/uploads\/2025\/06\/Workshop-Jones.jpg 424w\" sizes=\"auto, (max-width: 199px) 100vw, 199px\" \/><figcaption class=\"wp-element-caption\">\u00a9 Pepa Doc\u030ckal<\/figcaption><\/figure>\n\n\n\n<p><strong>Inhalt:<\/strong><br>Reportagefotografie bedeutet nicht, um die Welt zu reisen \u2013 sie beginnt direkt vor unserer T\u00fcr. Die spannendsten Geschichten finden oft dort statt, wo man sie am wenigsten erwartet: im eigenen Viertel, beim Spaziergang durch die Stadt, auf dem Wochenmarkt oder bei einem Vereinsfest. Es geht darum, mit offenen Augen durch die Welt zu gehen, N\u00e4he herzustellen und Momente einzufangen, die etwas erz\u00e4hlen.<\/p>\n\n\n\n<p>Der Workshop zeigt, wie man mit einfachen Mitteln starke visuelle Reportagen erstellen kann \u2013 unabh\u00e4ngig von Kamera, Erfahrung oder fotografischem Stil.<\/p>\n\n\n\n<p><strong>Ablauf des Workshops<\/strong>:<br>Theorie trifft Praxis: Nach einem kurzen Briefing und einer kompakten Einf\u00fchrung in die Grundlagen des visuellen Storytellings starten die Teilnehmer direkt in die Praxis. Sie gehen mit konkreten Aufgaben und einem klaren Fokus auf Motivsuche. Am Ende steht eine Abschlussrunde mit Feedback zu ihren Bildern.<\/p>\n\n\n\n<p>Der Workshop richtet sich an alle \u2013 ob Einsteiger oder Fortgeschrittene \u2013, die lernen m\u00f6chten, ihre Umgebung mit anderen Augen zu sehen \u2013 und Menschen, Orte oder Stimmungen in eine visuelle Geschichte zu verwandeln.<\/p>\n\n\n\n<p><strong>Preis: <\/strong>149 Euro<\/p>\n\n\n\n<p><a href=\"https:\/\/www.ticket-regional.de\/stage_1006.php?timeID=1063354\" data-type=\"URL\" data-id=\"https:\/\/www.ticket-regional.de\/stage_1006.php?timeID=1063354\" target=\"_blank\" rel=\"noreferrer noopener\">-&gt; zur Buchung \u00fcber ticket-regional<\/a><\/p>\n","protected":false},"excerpt":{"rendered":"<p>Unter fachlicher Anleitung tiefer in die Materie eintauchen: Im Rahmen der FOTOTAGEkompakt k\u00f6nnen Hobbyfotografen unter vier verschiedenen Workshops das f\u00fcr sie passende Thema ausw\u00e4hlen. Anmeldungen sind m\u00f6glich im Forum ALTE POST, Poststra\u00dfe 2, Pirmasens, telefonisch unter 06331 2392716 oder per Mail an kartenverkauf@pirmasens.de sowie via www.ticket-regional.de. SAMSTAG, 22. NOVEMBER 2025 10.00 &#8211; 13.00 Uhr: \u201eWie &hellip; <a href=\"http:\/\/fototage.pirmasens.org\/?page_id=163\" class=\"more-link\"><span class=\"screen-reader-text\">Workshops<\/span> weiterlesen<\/a><\/p>\n","protected":false},"author":2,"featured_media":0,"parent":0,"menu_order":0,"comment_status":"closed","ping_status":"closed","template":"page-templates\/full-width-page.php","meta":{"footnotes":""},"class_list":["post-163","page","type-page","status-publish","hentry"],"_links":{"self":[{"href":"http:\/\/fototage.pirmasens.org\/index.php?rest_route=\/wp\/v2\/pages\/163","targetHints":{"allow":["GET"]}}],"collection":[{"href":"http:\/\/fototage.pirmasens.org\/index.php?rest_route=\/wp\/v2\/pages"}],"about":[{"href":"http:\/\/fototage.pirmasens.org\/index.php?rest_route=\/wp\/v2\/types\/page"}],"author":[{"embeddable":true,"href":"http:\/\/fototage.pirmasens.org\/index.php?rest_route=\/wp\/v2\/users\/2"}],"replies":[{"embeddable":true,"href":"http:\/\/fototage.pirmasens.org\/index.php?rest_route=%2Fwp%2Fv2%2Fcomments&post=163"}],"version-history":[{"count":39,"href":"http:\/\/fototage.pirmasens.org\/index.php?rest_route=\/wp\/v2\/pages\/163\/revisions"}],"predecessor-version":[{"id":1565,"href":"http:\/\/fototage.pirmasens.org\/index.php?rest_route=\/wp\/v2\/pages\/163\/revisions\/1565"}],"wp:attachment":[{"href":"http:\/\/fototage.pirmasens.org\/index.php?rest_route=%2Fwp%2Fv2%2Fmedia&parent=163"}],"curies":[{"name":"wp","href":"https:\/\/api.w.org\/{rel}","templated":true}]}}