{"id":1001,"date":"2022-10-13T05:50:15","date_gmt":"2022-10-13T05:50:15","guid":{"rendered":"http:\/\/fototage.pirmasens.org\/?page_id=1001"},"modified":"2025-12-01T09:52:06","modified_gmt":"2025-12-01T09:52:06","slug":"start-2","status":"publish","type":"page","link":"https:\/\/fototage.pirmasens.org\/","title":{"rendered":"Positives Res\u00fcmee f\u00fcr Pirmasenser FOTOTAGEkompakt"},"content":{"rendered":"\n<p>Eine durchweg gelungene Er\u00f6ffnungsveranstaltung, hochkar\u00e4tig besetzte Multivisionsshows und Workshops sowie gut besuchte Ausstellungen: Die Stadt Pirmasens zieht ein positives Fazit der FOTOTAGEkompakt 2025. Unter Leitung des neuen Kurators Kai Rogler konnte die 8. Auflage des traditionsreichen Foto-Events in der westpf\u00e4lzischen Stadt bei G\u00e4sten aus nah und fern mit einem abwechslungsreichen Programm durchweg punkten.<\/p>\n\n\n\n<figure class=\"wp-block-gallery has-nested-images columns-default is-cropped wp-block-gallery-1 is-layout-flex wp-block-gallery-is-layout-flex\">\n<figure class=\"wp-block-image size-large\"><img loading=\"lazy\" decoding=\"async\" width=\"1024\" height=\"575\" data-id=\"1635\" src=\"https:\/\/fototage.pirmasens.org\/wp-content\/uploads\/2025\/11\/Impressionen1-1024x575.jpg\" alt=\"\" class=\"wp-image-1635\" srcset=\"https:\/\/fototage.pirmasens.org\/wp-content\/uploads\/2025\/11\/Impressionen1-1024x575.jpg 1024w, https:\/\/fototage.pirmasens.org\/wp-content\/uploads\/2025\/11\/Impressionen1-300x168.jpg 300w, https:\/\/fototage.pirmasens.org\/wp-content\/uploads\/2025\/11\/Impressionen1-768x431.jpg 768w, https:\/\/fototage.pirmasens.org\/wp-content\/uploads\/2025\/11\/Impressionen1-1536x862.jpg 1536w, https:\/\/fototage.pirmasens.org\/wp-content\/uploads\/2025\/11\/Impressionen1-2048x1149.jpg 2048w, https:\/\/fototage.pirmasens.org\/wp-content\/uploads\/2025\/11\/Impressionen1-648x364.jpg 648w, https:\/\/fototage.pirmasens.org\/wp-content\/uploads\/2025\/11\/Impressionen1-342x192.jpg 342w\" sizes=\"auto, (max-width: 1024px) 100vw, 1024px\" \/><\/figure>\n\n\n\n<figure class=\"wp-block-image size-large\"><img loading=\"lazy\" decoding=\"async\" width=\"640\" height=\"480\" data-id=\"1637\" src=\"https:\/\/fototage.pirmasens.org\/wp-content\/uploads\/2025\/11\/Impressionen7.jpg\" alt=\"\" class=\"wp-image-1637\" srcset=\"https:\/\/fototage.pirmasens.org\/wp-content\/uploads\/2025\/11\/Impressionen7.jpg 640w, https:\/\/fototage.pirmasens.org\/wp-content\/uploads\/2025\/11\/Impressionen7-300x225.jpg 300w, https:\/\/fototage.pirmasens.org\/wp-content\/uploads\/2025\/11\/Impressionen7-256x192.jpg 256w\" sizes=\"auto, (max-width: 640px) 100vw, 640px\" \/><\/figure>\n\n\n\n<figure class=\"wp-block-image size-large\"><img loading=\"lazy\" decoding=\"async\" width=\"1024\" height=\"676\" data-id=\"1632\" src=\"https:\/\/fototage.pirmasens.org\/wp-content\/uploads\/2025\/11\/Impressionen4-1024x676.jpg\" alt=\"\" class=\"wp-image-1632\" srcset=\"https:\/\/fototage.pirmasens.org\/wp-content\/uploads\/2025\/11\/Impressionen4-1024x676.jpg 1024w, https:\/\/fototage.pirmasens.org\/wp-content\/uploads\/2025\/11\/Impressionen4-300x198.jpg 300w, https:\/\/fototage.pirmasens.org\/wp-content\/uploads\/2025\/11\/Impressionen4-768x507.jpg 768w, https:\/\/fototage.pirmasens.org\/wp-content\/uploads\/2025\/11\/Impressionen4-1536x1014.jpg 1536w, https:\/\/fototage.pirmasens.org\/wp-content\/uploads\/2025\/11\/Impressionen4-2048x1353.jpg 2048w, https:\/\/fototage.pirmasens.org\/wp-content\/uploads\/2025\/11\/Impressionen4-648x428.jpg 648w, https:\/\/fototage.pirmasens.org\/wp-content\/uploads\/2025\/11\/Impressionen4-291x192.jpg 291w\" sizes=\"auto, (max-width: 1024px) 100vw, 1024px\" \/><\/figure>\n\n\n\n<figure class=\"wp-block-image size-large\"><img loading=\"lazy\" decoding=\"async\" width=\"1024\" height=\"693\" data-id=\"1631\" src=\"https:\/\/fototage.pirmasens.org\/wp-content\/uploads\/2025\/11\/Impressionen3-1024x693.jpg\" alt=\"\" class=\"wp-image-1631\" srcset=\"https:\/\/fototage.pirmasens.org\/wp-content\/uploads\/2025\/11\/Impressionen3-1024x693.jpg 1024w, https:\/\/fototage.pirmasens.org\/wp-content\/uploads\/2025\/11\/Impressionen3-300x203.jpg 300w, https:\/\/fototage.pirmasens.org\/wp-content\/uploads\/2025\/11\/Impressionen3-768x519.jpg 768w, https:\/\/fototage.pirmasens.org\/wp-content\/uploads\/2025\/11\/Impressionen3-1536x1039.jpg 1536w, https:\/\/fototage.pirmasens.org\/wp-content\/uploads\/2025\/11\/Impressionen3-2048x1385.jpg 2048w, https:\/\/fototage.pirmasens.org\/wp-content\/uploads\/2025\/11\/Impressionen3-648x438.jpg 648w, https:\/\/fototage.pirmasens.org\/wp-content\/uploads\/2025\/11\/Impressionen3-284x192.jpg 284w\" sizes=\"auto, (max-width: 1024px) 100vw, 1024px\" \/><\/figure>\n\n\n\n<figure class=\"wp-block-image size-large\"><img loading=\"lazy\" decoding=\"async\" width=\"1006\" height=\"1024\" data-id=\"1634\" src=\"https:\/\/fototage.pirmasens.org\/wp-content\/uploads\/2025\/11\/Impressionen6-1006x1024.jpg\" alt=\"\" class=\"wp-image-1634\" srcset=\"https:\/\/fototage.pirmasens.org\/wp-content\/uploads\/2025\/11\/Impressionen6-1006x1024.jpg 1006w, https:\/\/fototage.pirmasens.org\/wp-content\/uploads\/2025\/11\/Impressionen6-295x300.jpg 295w, https:\/\/fototage.pirmasens.org\/wp-content\/uploads\/2025\/11\/Impressionen6-768x782.jpg 768w, https:\/\/fototage.pirmasens.org\/wp-content\/uploads\/2025\/11\/Impressionen6-1509x1536.jpg 1509w, https:\/\/fototage.pirmasens.org\/wp-content\/uploads\/2025\/11\/Impressionen6-2012x2048.jpg 2012w, https:\/\/fototage.pirmasens.org\/wp-content\/uploads\/2025\/11\/Impressionen6-648x660.jpg 648w, https:\/\/fototage.pirmasens.org\/wp-content\/uploads\/2025\/11\/Impressionen6-189x192.jpg 189w\" sizes=\"auto, (max-width: 1006px) 100vw, 1006px\" \/><\/figure>\n\n\n\n<figure class=\"wp-block-image size-large\"><img loading=\"lazy\" decoding=\"async\" width=\"1024\" height=\"627\" data-id=\"1633\" src=\"https:\/\/fototage.pirmasens.org\/wp-content\/uploads\/2025\/11\/Impressionen5-1024x627.jpg\" alt=\"\" class=\"wp-image-1633\" srcset=\"https:\/\/fototage.pirmasens.org\/wp-content\/uploads\/2025\/11\/Impressionen5-1024x627.jpg 1024w, https:\/\/fototage.pirmasens.org\/wp-content\/uploads\/2025\/11\/Impressionen5-300x184.jpg 300w, https:\/\/fototage.pirmasens.org\/wp-content\/uploads\/2025\/11\/Impressionen5-768x470.jpg 768w, https:\/\/fototage.pirmasens.org\/wp-content\/uploads\/2025\/11\/Impressionen5-1536x940.jpg 1536w, https:\/\/fototage.pirmasens.org\/wp-content\/uploads\/2025\/11\/Impressionen5-2048x1254.jpg 2048w, https:\/\/fototage.pirmasens.org\/wp-content\/uploads\/2025\/11\/Impressionen5-648x397.jpg 648w, https:\/\/fototage.pirmasens.org\/wp-content\/uploads\/2025\/11\/Impressionen5-314x192.jpg 314w\" sizes=\"auto, (max-width: 1024px) 100vw, 1024px\" \/><\/figure>\n<\/figure>\n\n\n\n<p class=\"has-text-align-center\">Alle Fotos \u00a9 Stadt Pirmasens, Fotografin: Sabine Reiser<\/p>\n\n\n\n<p>So fanden sowohl die Auftaktveranstaltung am Freitag als auch die Multivisionsshow \u201eTERRA\u201c von Michael Martin am Samstagabend vor einem vollen Haus mit jeweils etwa 200 Besuchern statt. Insgesamt rund 120 Interessierte kamen zu den Vortr\u00e4gen und Shows, die samstags und sonntags tags\u00fcber im Kulturzentrum Forum ALTE POST zu fotografischen Reisen (fast) um die ganze Welt einluden. Knapp 20 Amateurfotografen nutzten zudem in exklusiven Workshops die M\u00f6glichkeit, sich Tipps und Tricks von Branchenprofis zu holen. Nicht zuletzt erkundeten zahlreiche G\u00e4ste vor Ort die beiden Ausstellungen \u201eDie Bilderkriegerin\u201c mit Aufnahmen der ber\u00fchmten Fotojournalistin und Pulitzer-Preistr\u00e4gerin Anja Niedringhaus und \u201eFulfillment \u2013 Fotografie als Lebensaufgabe\u201c zum Schaffen des bekannten Natur- und Tierfotografen Norbert Rosing.<\/p>\n\n\n\n<p class=\"has-text-align-center has-medium-font-size\">Wir halten Sie auf dem Laufenden, wenn es um die n\u00e4chsten FOTOTAGEkompakt geht!<\/p>\n\n\n\n<p><a href=\"http:\/\/fototage.pirmasens.org\/wp-content\/uploads\/2025\/09\/20250910_fps_Flyer_Fototage-2025.pdf\" target=\"_blank\" rel=\"noreferrer noopener\">&gt; Fototage-Flyer<\/a><\/p>\n\n\n\n<p><\/p>\n\n\n\n<p class=\"has-text-align-center has-medium-font-size\">________________________________________________________________________<\/p>\n\n\n\n<figure class=\"wp-block-gallery has-nested-images columns-3 is-cropped wp-block-gallery-2 is-layout-flex wp-block-gallery-is-layout-flex\">\n<figure class=\"wp-block-image size-full\"><img loading=\"lazy\" decoding=\"async\" width=\"639\" height=\"443\" data-id=\"1527\" src=\"http:\/\/fototage.pirmasens.org\/wp-content\/uploads\/2025\/06\/Niedringhaus_Ausstellung3.jpg\" alt=\"\" class=\"wp-image-1527\" srcset=\"https:\/\/fototage.pirmasens.org\/wp-content\/uploads\/2025\/06\/Niedringhaus_Ausstellung3.jpg 639w, https:\/\/fototage.pirmasens.org\/wp-content\/uploads\/2025\/06\/Niedringhaus_Ausstellung3-300x208.jpg 300w, https:\/\/fototage.pirmasens.org\/wp-content\/uploads\/2025\/06\/Niedringhaus_Ausstellung3-277x192.jpg 277w\" sizes=\"auto, (max-width: 639px) 100vw, 639px\" \/><figcaption class=\"wp-element-caption\">\u00a9 picture alliance \/ ASSOCIATED PRESS<\/figcaption><\/figure>\n\n\n\n<figure class=\"wp-block-image size-large\"><img loading=\"lazy\" decoding=\"async\" width=\"640\" height=\"423\" data-id=\"1507\" src=\"http:\/\/fototage.pirmasens.org\/wp-content\/uploads\/2025\/06\/Start_Straub.jpg\" alt=\"\" class=\"wp-image-1507\" srcset=\"https:\/\/fototage.pirmasens.org\/wp-content\/uploads\/2025\/06\/Start_Straub.jpg 640w, https:\/\/fototage.pirmasens.org\/wp-content\/uploads\/2025\/06\/Start_Straub-300x198.jpg 300w, https:\/\/fototage.pirmasens.org\/wp-content\/uploads\/2025\/06\/Start_Straub-290x192.jpg 290w\" sizes=\"auto, (max-width: 640px) 100vw, 640px\" \/><figcaption class=\"wp-element-caption\">\u00a9 Andr\u00e9 Straub<\/figcaption><\/figure>\n\n\n\n<figure class=\"wp-block-image size-large\"><img loading=\"lazy\" decoding=\"async\" width=\"639\" height=\"414\" data-id=\"1504\" src=\"http:\/\/fototage.pirmasens.org\/wp-content\/uploads\/2025\/06\/Start_Rosing.jpg\" alt=\"\" class=\"wp-image-1504\" srcset=\"https:\/\/fototage.pirmasens.org\/wp-content\/uploads\/2025\/06\/Start_Rosing.jpg 639w, https:\/\/fototage.pirmasens.org\/wp-content\/uploads\/2025\/06\/Start_Rosing-300x194.jpg 300w, https:\/\/fototage.pirmasens.org\/wp-content\/uploads\/2025\/06\/Start_Rosing-296x192.jpg 296w\" sizes=\"auto, (max-width: 639px) 100vw, 639px\" \/><figcaption class=\"wp-element-caption\">\u00a9 Norbert Rosing<\/figcaption><\/figure>\n\n\n\n<figure class=\"wp-block-image size-large\"><img loading=\"lazy\" decoding=\"async\" width=\"639\" height=\"426\" data-id=\"1505\" src=\"http:\/\/fototage.pirmasens.org\/wp-content\/uploads\/2025\/06\/Start_Runkel.jpg\" alt=\"\" class=\"wp-image-1505\" srcset=\"https:\/\/fototage.pirmasens.org\/wp-content\/uploads\/2025\/06\/Start_Runkel.jpg 639w, https:\/\/fototage.pirmasens.org\/wp-content\/uploads\/2025\/06\/Start_Runkel-300x200.jpg 300w, https:\/\/fototage.pirmasens.org\/wp-content\/uploads\/2025\/06\/Start_Runkel-288x192.jpg 288w\" sizes=\"auto, (max-width: 639px) 100vw, 639px\" \/><figcaption class=\"wp-element-caption\">\u00a9 Michael Runkel<\/figcaption><\/figure>\n\n\n\n<figure class=\"wp-block-image size-large\"><img loading=\"lazy\" decoding=\"async\" width=\"639\" height=\"426\" data-id=\"1502\" src=\"http:\/\/fototage.pirmasens.org\/wp-content\/uploads\/2025\/06\/Start_Oswald.jpg\" alt=\"\" class=\"wp-image-1502\" srcset=\"https:\/\/fototage.pirmasens.org\/wp-content\/uploads\/2025\/06\/Start_Oswald.jpg 639w, https:\/\/fototage.pirmasens.org\/wp-content\/uploads\/2025\/06\/Start_Oswald-300x200.jpg 300w, https:\/\/fototage.pirmasens.org\/wp-content\/uploads\/2025\/06\/Start_Oswald-288x192.jpg 288w\" sizes=\"auto, (max-width: 639px) 100vw, 639px\" \/><figcaption class=\"wp-element-caption\">\u00a9 Beate Oswald <\/figcaption><\/figure>\n\n\n\n<figure class=\"wp-block-image size-large\"><img loading=\"lazy\" decoding=\"async\" width=\"640\" height=\"426\" data-id=\"1503\" src=\"http:\/\/fototage.pirmasens.org\/wp-content\/uploads\/2025\/06\/Start_Rogler.jpg\" alt=\"\" class=\"wp-image-1503\" srcset=\"https:\/\/fototage.pirmasens.org\/wp-content\/uploads\/2025\/06\/Start_Rogler.jpg 640w, https:\/\/fototage.pirmasens.org\/wp-content\/uploads\/2025\/06\/Start_Rogler-300x200.jpg 300w, https:\/\/fototage.pirmasens.org\/wp-content\/uploads\/2025\/06\/Start_Rogler-288x192.jpg 288w\" sizes=\"auto, (max-width: 640px) 100vw, 640px\" \/><figcaption class=\"wp-element-caption\">\u00a9 Kai Rogler<\/figcaption><\/figure>\n\n\n\n<figure class=\"wp-block-image size-large\"><img loading=\"lazy\" decoding=\"async\" width=\"640\" height=\"440\" data-id=\"1500\" src=\"http:\/\/fototage.pirmasens.org\/wp-content\/uploads\/2025\/06\/Start_Michael-Martin.jpg\" alt=\"\" class=\"wp-image-1500\" srcset=\"https:\/\/fototage.pirmasens.org\/wp-content\/uploads\/2025\/06\/Start_Michael-Martin.jpg 640w, https:\/\/fototage.pirmasens.org\/wp-content\/uploads\/2025\/06\/Start_Michael-Martin-300x206.jpg 300w, https:\/\/fototage.pirmasens.org\/wp-content\/uploads\/2025\/06\/Start_Michael-Martin-279x192.jpg 279w\" sizes=\"auto, (max-width: 640px) 100vw, 640px\" \/><figcaption class=\"wp-element-caption\">\u00a9 Michael Martin<\/figcaption><\/figure>\n\n\n\n<figure class=\"wp-block-image size-large\"><img loading=\"lazy\" decoding=\"async\" width=\"639\" height=\"426\" data-id=\"1501\" src=\"http:\/\/fototage.pirmasens.org\/wp-content\/uploads\/2025\/06\/Start_Olszewski.jpg\" alt=\"\" class=\"wp-image-1501\" srcset=\"https:\/\/fototage.pirmasens.org\/wp-content\/uploads\/2025\/06\/Start_Olszewski.jpg 639w, https:\/\/fototage.pirmasens.org\/wp-content\/uploads\/2025\/06\/Start_Olszewski-300x200.jpg 300w, https:\/\/fototage.pirmasens.org\/wp-content\/uploads\/2025\/06\/Start_Olszewski-288x192.jpg 288w\" sizes=\"auto, (max-width: 639px) 100vw, 639px\" \/><figcaption class=\"wp-element-caption\">\u00a9 Anouchka Olszewski<\/figcaption><\/figure>\n\n\n\n<figure class=\"wp-block-image size-large\"><img loading=\"lazy\" decoding=\"async\" width=\"640\" height=\"359\" data-id=\"1498\" src=\"http:\/\/fototage.pirmasens.org\/wp-content\/uploads\/2025\/06\/Start_Erdmann.jpg\" alt=\"\" class=\"wp-image-1498\" srcset=\"https:\/\/fototage.pirmasens.org\/wp-content\/uploads\/2025\/06\/Start_Erdmann.jpg 640w, https:\/\/fototage.pirmasens.org\/wp-content\/uploads\/2025\/06\/Start_Erdmann-300x168.jpg 300w, https:\/\/fototage.pirmasens.org\/wp-content\/uploads\/2025\/06\/Start_Erdmann-342x192.jpg 342w\" sizes=\"auto, (max-width: 640px) 100vw, 640px\" \/><figcaption class=\"wp-element-caption\">\u00a9 Stefan Erdmann<\/figcaption><\/figure>\n\n\n\n<figure class=\"wp-block-image size-large\"><img loading=\"lazy\" decoding=\"async\" width=\"638\" height=\"427\" data-id=\"1499\" src=\"http:\/\/fototage.pirmasens.org\/wp-content\/uploads\/2025\/06\/Start_Jones.jpg\" alt=\"\" class=\"wp-image-1499\" srcset=\"https:\/\/fototage.pirmasens.org\/wp-content\/uploads\/2025\/06\/Start_Jones.jpg 638w, https:\/\/fototage.pirmasens.org\/wp-content\/uploads\/2025\/06\/Start_Jones-300x201.jpg 300w, https:\/\/fototage.pirmasens.org\/wp-content\/uploads\/2025\/06\/Start_Jones-287x192.jpg 287w\" sizes=\"auto, (max-width: 638px) 100vw, 638px\" \/><figcaption class=\"wp-element-caption\">\u00a9 Thomas B. Jones<\/figcaption><\/figure>\n\n\n\n<figure class=\"wp-block-image size-large\"><img loading=\"lazy\" decoding=\"async\" width=\"640\" height=\"425\" data-id=\"1497\" src=\"http:\/\/fototage.pirmasens.org\/wp-content\/uploads\/2025\/06\/Start_Eckstein.jpg\" alt=\"\" class=\"wp-image-1497\" srcset=\"https:\/\/fototage.pirmasens.org\/wp-content\/uploads\/2025\/06\/Start_Eckstein.jpg 640w, https:\/\/fototage.pirmasens.org\/wp-content\/uploads\/2025\/06\/Start_Eckstein-300x199.jpg 300w, https:\/\/fototage.pirmasens.org\/wp-content\/uploads\/2025\/06\/Start_Eckstein-289x192.jpg 289w\" sizes=\"auto, (max-width: 640px) 100vw, 640px\" \/><figcaption class=\"wp-element-caption\">\u00a9 Hartmut Eckstein<\/figcaption><\/figure>\n\n\n\n<figure class=\"wp-block-image size-full\"><img loading=\"lazy\" decoding=\"async\" width=\"640\" height=\"421\" data-id=\"1506\" src=\"http:\/\/fototage.pirmasens.org\/wp-content\/uploads\/2025\/06\/Start_Spohn.jpg\" alt=\"\" class=\"wp-image-1506\" srcset=\"https:\/\/fototage.pirmasens.org\/wp-content\/uploads\/2025\/06\/Start_Spohn.jpg 640w, https:\/\/fototage.pirmasens.org\/wp-content\/uploads\/2025\/06\/Start_Spohn-300x197.jpg 300w, https:\/\/fototage.pirmasens.org\/wp-content\/uploads\/2025\/06\/Start_Spohn-292x192.jpg 292w\" sizes=\"auto, (max-width: 640px) 100vw, 640px\" \/><figcaption class=\"wp-element-caption\">\u00a9 Daniel Spohn<\/figcaption><\/figure>\n<\/figure>\n\n\n\n<p><\/p>\n\n\n\n<p class=\"has-text-align-center has-medium-font-size\">________________________________________________________________________<\/p>\n\n\n\n<h2 class=\"wp-block-heading\">Pressemeldungen zur Veranstaltung<\/h2>\n\n\n\n<p><a href=\"https:\/\/ars-pr.de\/presse\/20251124_fps\/\" target=\"_blank\" rel=\"noreferrer noopener\">Positives Res\u00fcmee f\u00fcr Pirmasenser FOTOTAGEkompakt<\/a><\/p>\n\n\n\n<p><a href=\"https:\/\/ars-pr.de\/presse\/20251029_fps\/\" data-type=\"link\" data-id=\"https:\/\/ars-pr.de\/presse\/20251029_fps\/\" target=\"_blank\" rel=\"noreferrer noopener\">Vorschau: Boris Eldagsen gibt Einblicke in das Thema KI in der Fotografie<\/a><\/p>\n\n\n\n<p><a href=\"https:\/\/ars-pr.de\/presse\/20251001_fps\/\" data-type=\"link\" data-id=\"https:\/\/ars-pr.de\/presse\/20251001_fps\/\">Vorschau: Einladung zu den sch\u00f6nsten Enden der Welt<\/a><\/p>\n\n\n\n<p><a href=\"https:\/\/ars-pr.de\/presse\/20250829_fps\/\" data-type=\"link\" data-id=\"https:\/\/ars-pr.de\/presse\/20250829_fps\/\" target=\"_blank\" rel=\"noreferrer noopener\">Ein au\u00dfergew\u00f6hnliches Portr\u00e4t unserer Erde: Multivisionsshow \u201eTERRA\u201c gastiert in Pirmasens<\/a><\/p>\n\n\n\n<p><a href=\"https:\/\/ars-pr.de\/presse\/20250724_fps\/\" target=\"_blank\" rel=\"noreferrer noopener\">Vorschau: Pirmasenser FOTOTAGEkompakt 2025 w\u00fcrdigen Anja Niedringhaus<\/a><\/p>\n\n\n\n<p><a rel=\"noreferrer noopener\" href=\"https:\/\/ars-pr.de\/presse\/20250625_fps\" target=\"_blank\">Multivisionsshows, Workshops und eine Pulitzer-Preistr\u00e4gerin: So werden die FOTOTAGEkompakt 2025<\/a><\/p>\n\n\n\n<p><a rel=\"noreferrer noopener\" href=\"https:\/\/ars-pr.de\/presse\/20250205_fps\" target=\"_blank\">Neuer Kurator f\u00fcr die FOTOTAGEkompakt in Pirmasens <\/a><\/p>\n\n\n\n<p><a rel=\"noreferrer noopener\" href=\"https:\/\/ars-pr.de\/presse\/20240828_fps\" target=\"_blank\">Pirmasenser Fototage stellen sich neu auf<\/a><\/p>\n\n\n\n<p><\/p>\n","protected":false},"excerpt":{"rendered":"<p>Eine durchweg gelungene Er\u00f6ffnungsveranstaltung, hochkar\u00e4tig besetzte Multivisionsshows und Workshops sowie gut besuchte Ausstellungen: Die Stadt Pirmasens zieht ein positives Fazit der FOTOTAGEkompakt 2025. Unter Leitung des neuen Kurators Kai Rogler konnte die 8. Auflage des traditionsreichen Foto-Events in der westpf\u00e4lzischen Stadt bei G\u00e4sten aus nah und fern mit einem abwechslungsreichen Programm durchweg punkten. Alle Fotos &hellip; <a href=\"https:\/\/fototage.pirmasens.org\/\" class=\"more-link\"><span class=\"screen-reader-text\">Positives Res\u00fcmee f\u00fcr Pirmasenser FOTOTAGEkompakt<\/span> weiterlesen<\/a><\/p>\n","protected":false},"author":4,"featured_media":0,"parent":0,"menu_order":0,"comment_status":"closed","ping_status":"closed","template":"page-templates\/full-width-page.php","meta":{"footnotes":""},"class_list":["post-1001","page","type-page","status-publish","hentry"],"_links":{"self":[{"href":"https:\/\/fototage.pirmasens.org\/index.php?rest_route=\/wp\/v2\/pages\/1001","targetHints":{"allow":["GET"]}}],"collection":[{"href":"https:\/\/fototage.pirmasens.org\/index.php?rest_route=\/wp\/v2\/pages"}],"about":[{"href":"https:\/\/fototage.pirmasens.org\/index.php?rest_route=\/wp\/v2\/types\/page"}],"author":[{"embeddable":true,"href":"https:\/\/fototage.pirmasens.org\/index.php?rest_route=\/wp\/v2\/users\/4"}],"replies":[{"embeddable":true,"href":"https:\/\/fototage.pirmasens.org\/index.php?rest_route=%2Fwp%2Fv2%2Fcomments&post=1001"}],"version-history":[{"count":52,"href":"https:\/\/fototage.pirmasens.org\/index.php?rest_route=\/wp\/v2\/pages\/1001\/revisions"}],"predecessor-version":[{"id":1643,"href":"https:\/\/fototage.pirmasens.org\/index.php?rest_route=\/wp\/v2\/pages\/1001\/revisions\/1643"}],"wp:attachment":[{"href":"https:\/\/fototage.pirmasens.org\/index.php?rest_route=%2Fwp%2Fv2%2Fmedia&parent=1001"}],"curies":[{"name":"wp","href":"https:\/\/api.w.org\/{rel}","templated":true}]}}