{"id":23,"date":"2019-02-27T08:10:43","date_gmt":"2019-02-27T08:10:43","guid":{"rendered":"http:\/\/fototage.pirmasens.org\/?page_id=23"},"modified":"2025-06-25T09:46:08","modified_gmt":"2025-06-25T09:46:08","slug":"veranstaltungen","status":"publish","type":"page","link":"https:\/\/fototage.pirmasens.org\/?page_id=23","title":{"rendered":"Der Mann hinter der Kamera"},"content":{"rendered":"\n<p>Kai Roglers fotografischer Werdegang beginnt Anfang der 1990er Jahre als Autodidakt in der Reise- und Landschaftsfotografie; sp\u00e4ter wurden seine \u201eEpic Nudes\u201c \u2013 Aktaufnahmen in Kombination mit imposanten Naturkulissen \u2013 zu seinem Markenzeichen. Heute konzentriert er sich ausschlie\u00dflich auf die Bereiche Akt und Reisefotografie. 2017 initiierte Kai Rogler die Gr\u00fcndung des FotoForumForchheim (FoFoFo) als einem gemeinn\u00fctzigen Verein zur F\u00f6rderung der k\u00fcnstlerischen Fotografie und fungiert seither als dessen Vorsitzender. Seit 2018 ist er Mitglied des internationalen Fotografenteams um \u201eAtlas of Humanity\u201c, eine Organisation zur k\u00fcnstlerischen Dokumentation der Ethnien dieser Welt. Au\u00dferdem ist er k\u00fcnstlerischer Leiter des \u201eFotopark Forchheim\u201c und als Fototrainer t\u00e4tig. Seine Arbeiten sind in Ausstellungen im In- und Ausland zu sehen. <\/p>\n\n\n\n<p><a rel=\"noreferrer noopener\" href=\"http:\/\/www.kairogler.com\" target=\"_blank\">www.kairogler.com<\/a> \/ <a rel=\"noreferrer noopener\" href=\"http:\/\/www.iverson.eu\" target=\"_blank\">www.iverson.eu<\/a><\/p>\n\n\n\n<figure class=\"wp-block-gallery has-nested-images columns-default is-cropped wp-block-gallery-1 is-layout-flex wp-block-gallery-is-layout-flex\">\n<figure class=\"wp-block-image size-large\"><a href=\"https:\/\/fototage.pirmasens.org\/wp-content\/uploads\/2025\/02\/Kai_Rogler_1-scaled.jpg\" target=\"_blank\" rel=\"noreferrer noopener\"><img loading=\"lazy\" decoding=\"async\" width=\"1024\" height=\"683\" data-id=\"1239\" src=\"https:\/\/fototage.pirmasens.org\/wp-content\/uploads\/2025\/02\/Kai_Rogler_1-1024x683.jpg\" alt=\"\" class=\"wp-image-1239\" srcset=\"https:\/\/fototage.pirmasens.org\/wp-content\/uploads\/2025\/02\/Kai_Rogler_1-1024x683.jpg 1024w, https:\/\/fototage.pirmasens.org\/wp-content\/uploads\/2025\/02\/Kai_Rogler_1-300x200.jpg 300w, https:\/\/fototage.pirmasens.org\/wp-content\/uploads\/2025\/02\/Kai_Rogler_1-768x512.jpg 768w, https:\/\/fototage.pirmasens.org\/wp-content\/uploads\/2025\/02\/Kai_Rogler_1-1536x1024.jpg 1536w, https:\/\/fototage.pirmasens.org\/wp-content\/uploads\/2025\/02\/Kai_Rogler_1-2048x1365.jpg 2048w, https:\/\/fototage.pirmasens.org\/wp-content\/uploads\/2025\/02\/Kai_Rogler_1-648x432.jpg 648w, https:\/\/fototage.pirmasens.org\/wp-content\/uploads\/2025\/02\/Kai_Rogler_1-288x192.jpg 288w\" sizes=\"auto, (max-width: 1024px) 100vw, 1024px\" \/><\/a><figcaption>Kai Rogler am Go\u0111afoss-Wasserfall in Island &#8211; Foto: Kai Rogler<\/figcaption><\/figure>\n\n\n\n<figure class=\"wp-block-image size-large\"><a href=\"https:\/\/fototage.pirmasens.org\/wp-content\/uploads\/2025\/02\/Kai_Rogler_2.jpg\" target=\"_blank\" rel=\"noreferrer noopener\"><img loading=\"lazy\" decoding=\"async\" width=\"1920\" height=\"1080\" data-id=\"1237\" src=\"http:\/\/fototage.pirmasens.org\/wp-content\/uploads\/2025\/02\/Kai_Rogler_2.jpg\" alt=\"\" class=\"wp-image-1237\" srcset=\"https:\/\/fototage.pirmasens.org\/wp-content\/uploads\/2025\/02\/Kai_Rogler_2.jpg 1920w, https:\/\/fototage.pirmasens.org\/wp-content\/uploads\/2025\/02\/Kai_Rogler_2-300x169.jpg 300w, https:\/\/fototage.pirmasens.org\/wp-content\/uploads\/2025\/02\/Kai_Rogler_2-1024x576.jpg 1024w, https:\/\/fototage.pirmasens.org\/wp-content\/uploads\/2025\/02\/Kai_Rogler_2-768x432.jpg 768w, https:\/\/fototage.pirmasens.org\/wp-content\/uploads\/2025\/02\/Kai_Rogler_2-1536x864.jpg 1536w, https:\/\/fototage.pirmasens.org\/wp-content\/uploads\/2025\/02\/Kai_Rogler_2-648x365.jpg 648w, https:\/\/fototage.pirmasens.org\/wp-content\/uploads\/2025\/02\/Kai_Rogler_2-341x192.jpg 341w\" sizes=\"auto, (max-width: 1920px) 100vw, 1920px\" \/><\/a><figcaption>Kai Rogler in Namibia &#8211; Foto: privat<\/figcaption><\/figure>\n\n\n\n<figure class=\"wp-block-image size-large\"><a href=\"https:\/\/fototage.pirmasens.org\/wp-content\/uploads\/2025\/02\/Kai_Rogler_3-scaled.jpg\" target=\"_blank\" rel=\"noreferrer noopener\"><img loading=\"lazy\" decoding=\"async\" width=\"1920\" height=\"2560\" data-id=\"1238\" src=\"http:\/\/fototage.pirmasens.org\/wp-content\/uploads\/2025\/02\/Kai_Rogler_3-scaled.jpg\" alt=\"\" class=\"wp-image-1238\" srcset=\"https:\/\/fototage.pirmasens.org\/wp-content\/uploads\/2025\/02\/Kai_Rogler_3-scaled.jpg 1920w, https:\/\/fototage.pirmasens.org\/wp-content\/uploads\/2025\/02\/Kai_Rogler_3-225x300.jpg 225w, https:\/\/fototage.pirmasens.org\/wp-content\/uploads\/2025\/02\/Kai_Rogler_3-768x1024.jpg 768w, https:\/\/fototage.pirmasens.org\/wp-content\/uploads\/2025\/02\/Kai_Rogler_3-1152x1536.jpg 1152w, https:\/\/fototage.pirmasens.org\/wp-content\/uploads\/2025\/02\/Kai_Rogler_3-1536x2048.jpg 1536w, https:\/\/fototage.pirmasens.org\/wp-content\/uploads\/2025\/02\/Kai_Rogler_3-648x864.jpg 648w, https:\/\/fototage.pirmasens.org\/wp-content\/uploads\/2025\/02\/Kai_Rogler_3-144x192.jpg 144w\" sizes=\"auto, (max-width: 1920px) 100vw, 1920px\" \/><\/a><figcaption>Kai Rogler in Kalifornien &#8211; Foto: Kai Rogler<\/figcaption><\/figure>\n<\/figure>\n\n\n\n<div style=\"height:20px\" aria-hidden=\"true\" class=\"wp-block-spacer\"><\/div>\n\n\n\n<p><\/p>\n\n\n\n<figure class=\"wp-block-image size-large\"><img loading=\"lazy\" decoding=\"async\" width=\"1024\" height=\"683\" src=\"http:\/\/fototage.pirmasens.org\/wp-content\/uploads\/2025\/06\/Kurator-Kai-Rogler-vor-dem-FAP-1024x683.jpg\" alt=\"\" class=\"wp-image-1536\" srcset=\"https:\/\/fototage.pirmasens.org\/wp-content\/uploads\/2025\/06\/Kurator-Kai-Rogler-vor-dem-FAP-1024x683.jpg 1024w, https:\/\/fototage.pirmasens.org\/wp-content\/uploads\/2025\/06\/Kurator-Kai-Rogler-vor-dem-FAP-300x200.jpg 300w, https:\/\/fototage.pirmasens.org\/wp-content\/uploads\/2025\/06\/Kurator-Kai-Rogler-vor-dem-FAP-768x512.jpg 768w, https:\/\/fototage.pirmasens.org\/wp-content\/uploads\/2025\/06\/Kurator-Kai-Rogler-vor-dem-FAP-1536x1024.jpg 1536w, https:\/\/fototage.pirmasens.org\/wp-content\/uploads\/2025\/06\/Kurator-Kai-Rogler-vor-dem-FAP-2048x1365.jpg 2048w, https:\/\/fototage.pirmasens.org\/wp-content\/uploads\/2025\/06\/Kurator-Kai-Rogler-vor-dem-FAP-648x432.jpg 648w, https:\/\/fototage.pirmasens.org\/wp-content\/uploads\/2025\/06\/Kurator-Kai-Rogler-vor-dem-FAP-288x192.jpg 288w\" sizes=\"auto, (max-width: 1024px) 100vw, 1024px\" \/><\/figure>\n","protected":false},"excerpt":{"rendered":"<p>Kai Roglers fotografischer Werdegang beginnt Anfang der 1990er Jahre als Autodidakt in der Reise- und Landschaftsfotografie; sp\u00e4ter wurden seine \u201eEpic Nudes\u201c \u2013 Aktaufnahmen in Kombination mit imposanten Naturkulissen \u2013 zu seinem Markenzeichen. Heute konzentriert er sich ausschlie\u00dflich auf die Bereiche Akt und Reisefotografie. 2017 initiierte Kai Rogler die Gr\u00fcndung des FotoForumForchheim (FoFoFo) als einem gemeinn\u00fctzigen &hellip; <a href=\"https:\/\/fototage.pirmasens.org\/?page_id=23\" class=\"more-link\"><span class=\"screen-reader-text\">Der Mann hinter der Kamera<\/span> weiterlesen<\/a><\/p>\n","protected":false},"author":1,"featured_media":0,"parent":0,"menu_order":0,"comment_status":"closed","ping_status":"closed","template":"page-templates\/full-width-page.php","meta":{"footnotes":""},"class_list":["post-23","page","type-page","status-publish","hentry"],"_links":{"self":[{"href":"https:\/\/fototage.pirmasens.org\/index.php?rest_route=\/wp\/v2\/pages\/23","targetHints":{"allow":["GET"]}}],"collection":[{"href":"https:\/\/fototage.pirmasens.org\/index.php?rest_route=\/wp\/v2\/pages"}],"about":[{"href":"https:\/\/fototage.pirmasens.org\/index.php?rest_route=\/wp\/v2\/types\/page"}],"author":[{"embeddable":true,"href":"https:\/\/fototage.pirmasens.org\/index.php?rest_route=\/wp\/v2\/users\/1"}],"replies":[{"embeddable":true,"href":"https:\/\/fototage.pirmasens.org\/index.php?rest_route=%2Fwp%2Fv2%2Fcomments&post=23"}],"version-history":[{"count":111,"href":"https:\/\/fototage.pirmasens.org\/index.php?rest_route=\/wp\/v2\/pages\/23\/revisions"}],"predecessor-version":[{"id":1538,"href":"https:\/\/fototage.pirmasens.org\/index.php?rest_route=\/wp\/v2\/pages\/23\/revisions\/1538"}],"wp:attachment":[{"href":"https:\/\/fototage.pirmasens.org\/index.php?rest_route=%2Fwp%2Fv2%2Fmedia&parent=23"}],"curies":[{"name":"wp","href":"https:\/\/api.w.org\/{rel}","templated":true}]}}