{"id":979,"date":"2022-10-04T10:06:44","date_gmt":"2022-10-04T10:06:44","guid":{"rendered":"http:\/\/fototage.pirmasens.org\/?page_id=979"},"modified":"2025-06-24T09:35:43","modified_gmt":"2025-06-24T09:35:43","slug":"27-januar-2023","status":"publish","type":"page","link":"https:\/\/fototage.pirmasens.org\/?page_id=979","title":{"rendered":"21. November 2025"},"content":{"rendered":"\n<p style=\"font-size:30px\"><em>Die Teilnahme ist kostenfrei!<\/em><\/p>\n\n\n\n<h3 class=\"has-white-color has-text-color has-background wp-block-heading\" style=\"background-color:#805ba9\">19.00 Uhr <\/h3>\n\n\n\n<h2 class=\"wp-block-heading\" style=\"font-size:22px\">Opening<\/h2>\n\n\n\n<p>Moderation: Thomas B. Jones<\/p>\n\n\n\n<p>N\u00e4here Informationen folgen in K\u00fcrze.<\/p>\n\n\n\n<div style=\"height:28px\" aria-hidden=\"true\" class=\"wp-block-spacer\"><\/div>\n\n\n\n<h3 class=\"has-white-color has-text-color has-background wp-block-heading\" style=\"background-color:#805ba9\">20.00 Uhr <\/h3>\n\n\n\n<h2 class=\"wp-block-heading\" style=\"font-size:22px\">\u201eEiswelten \u2013 30 Jahre polare Welten\u201c<br>Multivisionsshow von und mit Norbert Rosing<\/h2>\n\n\n\n<p>Angefangen hat es mit einer Zugfahrt per Interrail nach Finnland in den fr\u00fchen 1970er-Jahren. Bei offenen T\u00fcren sa\u00df <strong>Norbert Rosing<\/strong> w\u00e4hrend der Fahrt drau\u00dfen und lie\u00df die endlosen Seen und W\u00e4lder Finnlands an sich vorbei gleiten. Auf dieser Fahrt entstand seine Leidenschaft \u201eNorden\u201c.<\/p>\n\n\n\n<p>Der n\u00e4chste gro\u00dfe Schritt war 1981 der erste Flug nach Kanada, der ihn bis zur Eismeerk\u00fcste nach Nordkanada f\u00fchrte. Ende der 1980er-Jahre startete er mit dem Projekt \u201eIm Reich der Eisb\u00e4ren\u201c. Churchill an der Hudson Bay sollte f\u00fcr fast zwanzig Jahre eine Art zweites Zuhause werden. Hier verfiel Norbert Rosing den Eiswelten der n\u00f6rdlichen Hemisph\u00e4re, fotografierte Eisb\u00e4ren, Polarf\u00fcchse, Moschusochsen, Landschaften, Lichtph\u00e4nomene und vieles mehr in diesen unglaublichen Landschaften.<\/p>\n\n\n\n<figure class=\"wp-block-image size-full\"><img loading=\"lazy\" decoding=\"async\" width=\"1000\" height=\"659\" src=\"http:\/\/fototage.pirmasens.org\/wp-content\/uploads\/2025\/06\/NorbertRosing_Vortrag_1.jpg\" alt=\"\" class=\"wp-image-1298\" srcset=\"https:\/\/fototage.pirmasens.org\/wp-content\/uploads\/2025\/06\/NorbertRosing_Vortrag_1.jpg 1000w, https:\/\/fototage.pirmasens.org\/wp-content\/uploads\/2025\/06\/NorbertRosing_Vortrag_1-300x198.jpg 300w, https:\/\/fototage.pirmasens.org\/wp-content\/uploads\/2025\/06\/NorbertRosing_Vortrag_1-768x506.jpg 768w, https:\/\/fototage.pirmasens.org\/wp-content\/uploads\/2025\/06\/NorbertRosing_Vortrag_1-648x427.jpg 648w, https:\/\/fototage.pirmasens.org\/wp-content\/uploads\/2025\/06\/NorbertRosing_Vortrag_1-291x192.jpg 291w\" sizes=\"auto, (max-width: 1000px) 100vw, 1000px\" \/><figcaption>\u00a9 Norbert Rosing<\/figcaption><\/figure>\n\n\n\n<p>Inzwischen f\u00fchrte Norbert Rosing seine Leidenschaft auch zu den riesigen Eisbergen an der West- und Ostk\u00fcste Gr\u00f6nlands und zu den spitzen Bergen (Spitzbergen) von Svalbard.<\/p>\n\n\n\n<figure class=\"wp-block-image size-full\"><img loading=\"lazy\" decoding=\"async\" width=\"1000\" height=\"662\" src=\"http:\/\/fototage.pirmasens.org\/wp-content\/uploads\/2025\/06\/NorbertRosing_Vortrag_2.jpg\" alt=\"\" class=\"wp-image-1299\" srcset=\"https:\/\/fototage.pirmasens.org\/wp-content\/uploads\/2025\/06\/NorbertRosing_Vortrag_2.jpg 1000w, https:\/\/fototage.pirmasens.org\/wp-content\/uploads\/2025\/06\/NorbertRosing_Vortrag_2-300x199.jpg 300w, https:\/\/fototage.pirmasens.org\/wp-content\/uploads\/2025\/06\/NorbertRosing_Vortrag_2-768x508.jpg 768w, https:\/\/fototage.pirmasens.org\/wp-content\/uploads\/2025\/06\/NorbertRosing_Vortrag_2-648x429.jpg 648w, https:\/\/fototage.pirmasens.org\/wp-content\/uploads\/2025\/06\/NorbertRosing_Vortrag_2-290x192.jpg 290w\" sizes=\"auto, (max-width: 1000px) 100vw, 1000px\" \/><figcaption>\u00a9 Norbert Rosing<\/figcaption><\/figure>\n\n\n\n<p>Erst vor drei Jahren bot sich ihm die Gelegenheit, auch die Pinguine auf der s\u00fcdlichen Halbkugel des Planeten zu besuchen, und er war \u00fcberw\u00e4ltigt von dem Reichtum an Leben und der Wildheit der Landschaften und des Meeres.<\/p>\n\n\n\n<p>Norbert Rosings Wunsch: den G\u00e4sten etwas von seiner Lebenszeit zu zeigen und vor Augen zu f\u00fchren, auf was f\u00fcr einem gro\u00dfartigen Planeten wir leben.<\/p>\n","protected":false},"excerpt":{"rendered":"<p>Die Teilnahme ist kostenfrei! 19.00 Uhr Opening Moderation: Thomas B. Jones N\u00e4here Informationen folgen in K\u00fcrze. 20.00 Uhr \u201eEiswelten \u2013 30 Jahre polare Welten\u201cMultivisionsshow von und mit Norbert Rosing Angefangen hat es mit einer Zugfahrt per Interrail nach Finnland in den fr\u00fchen 1970er-Jahren. Bei offenen T\u00fcren sa\u00df Norbert Rosing w\u00e4hrend der Fahrt drau\u00dfen und lie\u00df &hellip; <a href=\"https:\/\/fototage.pirmasens.org\/?page_id=979\" class=\"more-link\"><span class=\"screen-reader-text\">21. November 2025<\/span> weiterlesen<\/a><\/p>\n","protected":false},"author":4,"featured_media":0,"parent":0,"menu_order":0,"comment_status":"closed","ping_status":"closed","template":"page-templates\/full-width-page.php","meta":{"footnotes":""},"class_list":["post-979","page","type-page","status-publish","hentry"],"_links":{"self":[{"href":"https:\/\/fototage.pirmasens.org\/index.php?rest_route=\/wp\/v2\/pages\/979","targetHints":{"allow":["GET"]}}],"collection":[{"href":"https:\/\/fototage.pirmasens.org\/index.php?rest_route=\/wp\/v2\/pages"}],"about":[{"href":"https:\/\/fototage.pirmasens.org\/index.php?rest_route=\/wp\/v2\/types\/page"}],"author":[{"embeddable":true,"href":"https:\/\/fototage.pirmasens.org\/index.php?rest_route=\/wp\/v2\/users\/4"}],"replies":[{"embeddable":true,"href":"https:\/\/fototage.pirmasens.org\/index.php?rest_route=%2Fwp%2Fv2%2Fcomments&post=979"}],"version-history":[{"count":20,"href":"https:\/\/fototage.pirmasens.org\/index.php?rest_route=\/wp\/v2\/pages\/979\/revisions"}],"predecessor-version":[{"id":1458,"href":"https:\/\/fototage.pirmasens.org\/index.php?rest_route=\/wp\/v2\/pages\/979\/revisions\/1458"}],"wp:attachment":[{"href":"https:\/\/fototage.pirmasens.org\/index.php?rest_route=%2Fwp%2Fv2%2Fmedia&parent=979"}],"curies":[{"name":"wp","href":"https:\/\/api.w.org\/{rel}","templated":true}]}}